{"id":1531,"date":"2019-10-01T08:53:09","date_gmt":"2019-10-01T08:53:09","guid":{"rendered":"https:\/\/elegantweb.eu\/lootusekyla\/?page_id=1531"},"modified":"2026-04-09T10:28:11","modified_gmt":"2026-04-09T10:28:11","slug":"%d1%80%d1%83%d0%ba%d0%be%d0%b2%d0%be%d0%b4%d1%81%d1%82%d0%b2%d0%be-%d1%83%d1%81%d1%82%d0%b0%d0%b2-%d0%be%d1%82%d1%87%d1%91%d1%82%d1%8b","status":"publish","type":"page","link":"https:\/\/www.lootusekula.ee\/ru\/o-nas\/%d1%80%d1%83%d0%ba%d0%be%d0%b2%d0%be%d0%b4%d1%81%d1%82%d0%b2%d0%be-%d1%83%d1%81%d1%82%d0%b0%d0%b2-%d0%be%d1%82%d1%87%d1%91%d1%82%d1%8b\/","title":{"rendered":"\u0420\u0443\u043a\u043e\u0432\u043e\u0434\u0441\u0442\u0432\u043e, \u0443\u0441\u0442\u0430\u0432, \u043e\u0442\u0447\u0451\u0442\u044b"},"content":{"rendered":"\n<p>\u0420\u0443\u043a\u043e\u0432\u043e\u0434\u0441\u0442\u0432\u043e \u041d\u0414\u041e \u041f\u043e\u0441\u0451\u043b\u043a\u0430 \u043d\u0430\u0434\u0435\u0436\u0434\u044b: \u041c\u044f\u0440\u0442 \u0412\u044f\u0445\u0438 (\u043f\u0440\u0435\u0434\u0441\u0435\u0434\u0430\u0442\u0435\u043b\u044c), \u0421\u043a\u043e\u0442\u0442 \u042d\u043d\u0434\u0440\u044e \u0412\u044f\u0445\u0438, \u041b\u0430\u0443\u0440\u0438 \u041c\u044f\u043b\u043b\u043e.<\/p>\n\n\n\n<p> \u0421 \u043d\u0430\u0448\u0438\u043c&nbsp;\u0443\u0441\u0442\u0430\u0432\u043e\u043c&nbsp;\u0432\u044b \u043c\u043e\u0436\u0435\u0442\u0435 \u043e\u0437\u043d\u0430\u043a\u043e\u043c\u0438\u0442\u044c\u0441\u044f \u0437\u0434\u0435\u0441\u044c. <\/p>\n\n\n\n<div class=\"wp-block-file\"><a href=\"https:\/\/elegantweb.eu\/lootusekyla\/wp-content\/uploads\/2019\/08\/MT\u00dc-Lootuse-K\u00fcla-p\u00f5hikiri.pdf\">\u0423\u0441\u0442\u0430\u0432 \u041d\u0414\u041e \u041f\u043e\u0441\u0451\u043b\u043a\u0430 \u043d\u0430\u0434\u0435\u0436\u0434\u044b<\/a><a href=\"https:\/\/elegantweb.eu\/lootusekyla\/wp-content\/uploads\/2019\/08\/MT\u00dc-Lootuse-K\u00fcla-p\u00f5hikiri.pdf\" class=\"wp-block-file__button wp-element-button\" download>\u0421\u043a\u0430\u0447\u0430\u0442\u044c<\/a><\/div>\n\n\n\n<h2 class=\"wp-block-heading\">\u041e\u0442\u0447\u0451\u0442\u044b \u0437\u0430 \u0444\u0438\u043d\u0430\u043d\u0441\u043e\u0432\u044b\u0439 \u0433\u043e\u0434:  2010, 2011, 2012, 2014, 2015, 2016, 2017, 2018<\/h2>\n\n\n\n<div class=\"wp-block-file\"><a href=\"https:\/\/elegantweb.eu\/lootusekyla\/wp-content\/uploads\/2019\/08\/MT\u00dc-Lootuse-K\u00fcla-majandusaasta-aruanne-2010.pdf\">\u0413\u043e\u0434\u043e\u0432\u043e\u0439 \u0444\u0438\u043d\u0430\u043d\u0441\u043e\u0432\u044b\u0439 \u043e\u0442\u0447\u0451\u0442 \u041d\u0414\u041e \u041f\u043e\u0441\u0451\u043b\u043a\u0430 \u043d\u0430\u0434\u0435\u0436\u0434\u044b \u0437\u0430 2010 \u0433\u043e\u0434<\/a><a href=\"https:\/\/elegantweb.eu\/lootusekyla\/wp-content\/uploads\/2019\/08\/MT\u00dc-Lootuse-K\u00fcla-majandusaasta-aruanne-2010.pdf\" class=\"wp-block-file__button wp-element-button\" download>\u0421\u043a\u0430\u0447\u0430\u0442\u044c<\/a><\/div>\n\n\n\n<div class=\"wp-block-file\"><a href=\"https:\/\/elegantweb.eu\/lootusekyla\/wp-content\/uploads\/2019\/08\/Lootuse-K\u00fcla-majandusaasta-aruanne-2011.pdf\"> \u0413\u043e\u0434\u043e\u0432\u043e\u0439 \u0444\u0438\u043d\u0430\u043d\u0441\u043e\u0432\u044b\u0439 \u043e\u0442\u0447\u0451\u0442 \u041d\u0414\u041e \u041f\u043e\u0441\u0451\u043b\u043a\u0430 \u043d\u0430\u0434\u0435\u0436\u0434\u044b \u0437\u0430 2011 \u0433\u043e\u0434<\/a><a href=\"https:\/\/elegantweb.eu\/lootusekyla\/wp-content\/uploads\/2019\/08\/Lootuse-K\u00fcla-majandusaasta-aruanne-2011.pdf\" class=\"wp-block-file__button wp-element-button\" download>\u0421\u043a\u0430\u0447\u0430\u0442\u044c<\/a><\/div>\n\n\n\n<div class=\"wp-block-file\"><a href=\"https:\/\/elegantweb.eu\/lootusekyla\/wp-content\/uploads\/2019\/08\/Lootuse-K\u00fcla-2012.pdf\"> \u0413\u043e\u0434\u043e\u0432\u043e\u0439 \u0444\u0438\u043d\u0430\u043d\u0441\u043e\u0432\u044b\u0439 \u043e\u0442\u0447\u0451\u0442 \u041d\u0414\u041e \u041f\u043e\u0441\u0451\u043b\u043a\u0430 \u043d\u0430\u0434\u0435\u0436\u0434\u044b \u0437\u0430 2012 \u0433\u043e\u0434<\/a><a href=\"https:\/\/elegantweb.eu\/lootusekyla\/wp-content\/uploads\/2019\/08\/Lootuse-K\u00fcla-2012.pdf\" class=\"wp-block-file__button wp-element-button\" download>\u0421\u043a\u0430\u0447\u0430\u0442\u044c<\/a><\/div>\n\n\n\n<div class=\"wp-block-file\"><a href=\"https:\/\/elegantweb.eu\/lootusekyla\/wp-content\/uploads\/2019\/08\/80135949_2014__Aruanne_80135949.pdf\"> \u0413\u043e\u0434\u043e\u0432\u043e\u0439 \u0444\u0438\u043d\u0430\u043d\u0441\u043e\u0432\u044b\u0439 \u043e\u0442\u0447\u0451\u0442 \u041d\u0414\u041e \u041f\u043e\u0441\u0451\u043b\u043a\u0430 \u043d\u0430\u0434\u0435\u0436\u0434\u044b \u0437\u0430 2014 \u0433\u043e\u0434<\/a><a href=\"https:\/\/elegantweb.eu\/lootusekyla\/wp-content\/uploads\/2019\/08\/80135949_2014__Aruanne_80135949.pdf\" class=\"wp-block-file__button wp-element-button\" download>\u0421\u043a\u0430\u0447\u0430\u0442\u044c<\/a><\/div>\n\n\n\n<div class=\"wp-block-file\"><a href=\"https:\/\/elegantweb.eu\/lootusekyla\/wp-content\/uploads\/2019\/08\/Aruanne_80135949.pdf\"> \u0413\u043e\u0434\u043e\u0432\u043e\u0439 \u0444\u0438\u043d\u0430\u043d\u0441\u043e\u0432\u044b\u0439 \u043e\u0442\u0447\u0451\u0442 \u041d\u0414\u041e \u041f\u043e\u0441\u0451\u043b\u043a\u0430 \u043d\u0430\u0434\u0435\u0436\u0434\u044b \u0437\u0430 2015 \u0433\u043e\u0434<\/a><a href=\"https:\/\/elegantweb.eu\/lootusekyla\/wp-content\/uploads\/2019\/08\/Aruanne_80135949.pdf\" class=\"wp-block-file__button wp-element-button\" download>\u0421\u043a\u0430\u0447\u0430\u0442\u044c<\/a><\/div>\n\n\n\n<div class=\"wp-block-file\"><a href=\"https:\/\/elegantweb.eu\/lootusekyla\/wp-content\/uploads\/2019\/08\/aruanne_80238129_1559590-LKK-16.pdf\"> \u0413\u043e\u0434\u043e\u0432\u043e\u0439 \u0444\u0438\u043d\u0430\u043d\u0441\u043e\u0432\u044b\u0439 \u043e\u0442\u0447\u0451\u0442 \u041d\u0414\u041e \u041f\u043e\u0441\u0451\u043b\u043a\u0430 \u043d\u0430\u0434\u0435\u0436\u0434\u044b \u0437\u0430 2016 \u0433\u043e\u0434<\/a><a href=\"https:\/\/elegantweb.eu\/lootusekyla\/wp-content\/uploads\/2019\/08\/aruanne_80238129_1559590-LKK-16.pdf\" class=\"wp-block-file__button wp-element-button\" download>\u0421\u043a\u0430\u0447\u0430\u0442\u044c<\/a><\/div>\n\n\n\n<div class=\"wp-block-file\"><a href=\"https:\/\/elegantweb.eu\/lootusekyla\/wp-content\/uploads\/2019\/08\/aruanne_80135949_1753232-LK-17.pdf\"> \u0413\u043e\u0434\u043e\u0432\u043e\u0439 \u0444\u0438\u043d\u0430\u043d\u0441\u043e\u0432\u044b\u0439 \u043e\u0442\u0447\u0451\u0442 \u041d\u0414\u041e \u041f\u043e\u0441\u0451\u043b\u043a\u0430 \u043d\u0430\u0434\u0435\u0436\u0434\u044b \u0437\u0430 2017 \u0433\u043e\u0434<\/a><a href=\"https:\/\/elegantweb.eu\/lootusekyla\/wp-content\/uploads\/2019\/08\/aruanne_80135949_1753232-LK-17.pdf\" class=\"wp-block-file__button wp-element-button\" download>\u0421\u043a\u0430\u0447\u0430\u0442\u044c<\/a><\/div>\n\n\n\n<div class=\"wp-block-file\"><a id=\"wp-block-file--media-b3e7505d-10d4-4399-9b1b-535b4e38f09e\" href=\"https:\/\/lootusekula.ee\/wp-content\/uploads\/2022\/06\/Mittetulundusuhing_Lootuse_Kula-aruanne_2018.pdf\">Mittetulundusuhing_Lootuse_Kula-aruanne_2018<\/a><a href=\"https:\/\/lootusekula.ee\/wp-content\/uploads\/2022\/06\/Mittetulundusuhing_Lootuse_Kula-aruanne_2018.pdf\" class=\"wp-block-file__button wp-element-button\" download aria-describedby=\"wp-block-file--media-b3e7505d-10d4-4399-9b1b-535b4e38f09e\">\u0421\u043a\u0430\u0447\u0430\u0442\u044c<\/a><\/div>\n\n\n\n<div class=\"wp-block-file\"><a id=\"wp-block-file--media-af44dfb6-e3ea-4c3c-b606-442b60f12cf1\" href=\"https:\/\/lootusekula.ee\/wp-content\/uploads\/2022\/06\/Mittetulundusuhing_Lootuse_Kula-aruanne_2019.pdf\">Mittetulundusuhing_Lootuse_Kula-aruanne_2019<\/a><a href=\"https:\/\/lootusekula.ee\/wp-content\/uploads\/2022\/06\/Mittetulundusuhing_Lootuse_Kula-aruanne_2019.pdf\" class=\"wp-block-file__button wp-element-button\" download aria-describedby=\"wp-block-file--media-af44dfb6-e3ea-4c3c-b606-442b60f12cf1\">\u0421\u043a\u0430\u0447\u0430\u0442\u044c<\/a><\/div>\n\n\n\n<div class=\"wp-block-file\"><a id=\"wp-block-file--media-1be671c6-8abc-4a28-a820-49c62fe503b4\" href=\"https:\/\/lootusekula.ee\/wp-content\/uploads\/2022\/06\/Mittetulundusuhing_Lootuse_Kula-aruanne_2020.pdf\">Mittetulundusuhing_Lootuse_Kula-aruanne_2020<\/a><a href=\"https:\/\/lootusekula.ee\/wp-content\/uploads\/2022\/06\/Mittetulundusuhing_Lootuse_Kula-aruanne_2020.pdf\" class=\"wp-block-file__button wp-element-button\" download aria-describedby=\"wp-block-file--media-1be671c6-8abc-4a28-a820-49c62fe503b4\">\u0421\u043a\u0430\u0447\u0430\u0442\u044c<\/a><\/div>\n\n\n\n<div class=\"wp-block-file\"><a id=\"wp-block-file--media-1be671c6-8abc-4a28-a820-49c62fe503b4\" href=\"https:\/\/lootusekula.ee\/wp-content\/uploads\/2024\/08\/Mittetulundusuhing_Lootuse_Kula-aruanne_2021.pdf\">Mittetulundusuhing_Lootuse_Kula-aruanne_2021<\/a><a href=\"https:\/\/lootusekula.ee\/wp-content\/uploads\/2024\/08\/Mittetulundusuhing_Lootuse_Kula-aruanne_2021.pdf\" class=\"wp-block-file__button wp-element-button\" download aria-describedby=\"wp-block-file--media-1be671c6-8abc-4a28-a820-49c62fe503b4\">\u0421\u043a\u0430\u0447\u0430\u0442\u044c<\/a><\/div>\n\n\n\n<div class=\"wp-block-file\"><a id=\"wp-block-file--media-1be671c6-8abc-4a28-a820-49c62fe503b4\" href=\"https:\/\/www.lootusekula.ee\/wp-content\/uploads\/2024\/08\/Mittetulundusuhing_Lootuse_Kula-aruanne_2022.pdf\">Mittetulundusuhing_Lootuse_Kula-aruanne_2022<\/a><a href=\"https:\/\/www.lootusekula.ee\/wp-content\/uploads\/2024\/08\/Mittetulundusuhing_Lootuse_Kula-aruanne_2022.pdf\" class=\"wp-block-file__button wp-element-button\" download aria-describedby=\"wp-block-file--media-1be671c6-8abc-4a28-a820-49c62fe503b4\">\u0421\u043a\u0430\u0447\u0430\u0442\u044c<\/a><\/div>\n\n\n\n<div class=\"wp-block-file\"><a id=\"wp-block-file--media-1be671c6-8abc-4a28-a820-49c62fe503b4\" href=\"https:\/\/lootusekula.ee\/wp-content\/uploads\/2024\/08\/Mittetulundusuhing_Lootuse_Kula-aruanne_2023.pdf\">Mittetulundusuhing_Lootuse_Kula-aruanne_2023<\/a><a href=\"https:\/\/lootusekula.ee\/wp-content\/uploads\/2024\/08\/Mittetulundusuhing_Lootuse_Kula-aruanne_2023.pdf\" class=\"wp-block-file__button wp-element-button\" download aria-describedby=\"wp-block-file--media-1be671c6-8abc-4a28-a820-49c62fe503b4\">\u0421\u043a\u0430\u0447\u0430\u0442\u044c<\/a><\/div>\n\n\n\n<div class=\"wp-block-file\"><a id=\"wp-block-file--media-306ea346-8b81-4cec-ba3c-2e397a8873cf\" href=\"https:\/\/lootusekula.ee\/wp-content\/uploads\/2025\/11\/Mittetulundusuhing_Lootuse_Kula-aruanne_2024.pdf\">Mittetulundusuhing_Lootuse_Kula-aruanne_2024<\/a><a href=\"https:\/\/lootusekula.ee\/wp-content\/uploads\/2025\/11\/Mittetulundusuhing_Lootuse_Kula-aruanne_2024.pdf\" class=\"wp-block-file__button wp-element-button\" download aria-describedby=\"wp-block-file--media-306ea346-8b81-4cec-ba3c-2e397a8873cf\">\u0421\u043a\u0430\u0447\u0430\u0442\u044c<\/a><\/div>\n\n\n\n<div class=\"wp-block-file\"><a id=\"wp-block-file--media-020e504b-2655-40b0-8b0d-dd0cf8374ebe\" href=\"https:\/\/lootusekula.ee\/wp-content\/uploads\/2026\/04\/2025-aasta-Aruanne_Lootuse-Kula-1.pdf\">2025 aasta Aruanne_Lootuse K\u00fcla<\/a><a href=\"https:\/\/lootusekula.ee\/wp-content\/uploads\/2026\/04\/2025-aasta-Aruanne_Lootuse-Kula-1.pdf\" class=\"wp-block-file__button wp-element-button\" download aria-describedby=\"wp-block-file--media-020e504b-2655-40b0-8b0d-dd0cf8374ebe\">\u0421\u043a\u0430\u0447\u0430\u0442\u044c<\/a><\/div>\n\n\n\n<p>\u041c\u044b \u2013 \u0445\u0440\u0438\u0441\u0442\u0438\u0430\u043d\u0435 \u0438 \u0432 \u0441\u0432\u043e\u0435\u0439 \u0434\u0435\u044f\u0442\u0435\u043b\u044c\u043d\u043e\u0441\u0442\u0438 \u043f\u0440\u0438\u0434\u0435\u0440\u0436\u0438\u0432\u0430\u0435\u043c\u0441\u044f \u0431\u0438\u0431\u043b\u0435\u0439\u0441\u043a\u0438\u0445 \u043e\u0441\u043d\u043e\u0432, \u0446\u0435\u043d\u0438\u043c \u043b\u0438\u0447\u043d\u043e\u0435 \u043e\u0442\u043d\u043e\u0448\u0435\u043d\u0438\u0435 \u0441 \u0411\u043e\u0433\u043e\u043c. \u042d\u0425\u041f\u0426 \u041f\u043e\u0441\u0451\u043b\u043a\u0430 \u043d\u0430\u0434\u0435\u0436\u0434\u044b \u043f\u0440\u0438\u043d\u0430\u0434\u043b\u0435\u0436\u0438\u0442 \u043a&nbsp;\u042d\u0441\u0442\u043e\u043d\u0441\u043a\u043e\u0439 \u0425\u0440\u0438\u0441\u0442\u0438\u0430\u043d\u0441\u043a\u043e\u0439 \u041f\u044f\u0442\u0438\u0434\u0435\u0441\u044f\u0442\u043d\u0438\u0447\u0435\u0441\u043a\u043e\u0439 \u0426\u0435\u0440\u043a\u0432\u0438. \u0412 \u0441\u0432\u043e\u0435\u0439 \u0434\u0435\u044f\u0442\u0435\u043b\u044c\u043d\u043e\u0441\u0442\u0438 \u043c\u044b \u0442\u0430\u043a\u0436\u0435 \u043e\u043f\u0438\u0440\u0430\u0435\u043c\u0441\u044f \u043d\u0430&nbsp;\u044d\u0442\u0438\u0447\u0435\u0441\u043a\u0438\u0439 \u043a\u043e\u0434\u0435\u043a\u0441 \u043d\u0435\u0437\u0430\u0432\u0438\u0441\u0438\u043c\u044b\u0445 \u043e\u0431\u044a\u0435\u0434\u0438\u043d\u0435\u043d\u0438\u0439. <\/p>\n","protected":false},"excerpt":{"rendered":"<p>\u0420\u0443\u043a\u043e\u0432\u043e\u0434\u0441\u0442\u0432\u043e \u041d\u0414\u041e \u041f\u043e\u0441\u0451\u043b\u043a\u0430 \u043d\u0430\u0434\u0435\u0436\u0434\u044b: \u041c\u044f\u0440\u0442 \u0412\u044f\u0445\u0438 (\u043f\u0440\u0435\u0434\u0441\u0435\u0434\u0430\u0442\u0435\u043b\u044c), \u0421\u043a\u043e\u0442\u0442 \u042d\u043d\u0434\u0440\u044e \u0412\u044f\u0445\u0438, \u041b\u0430\u0443\u0440\u0438 \u041c\u044f\u043b\u043b\u043e. \u0421 \u043d\u0430\u0448\u0438\u043c&nbsp;\u0443\u0441\u0442\u0430\u0432\u043e\u043c&nbsp;\u0432\u044b \u043c\u043e\u0436\u0435\u0442\u0435 \u043e\u0437\u043d\u0430\u043a\u043e\u043c\u0438\u0442\u044c\u0441\u044f \u0437\u0434\u0435\u0441\u044c. \u041e\u0442\u0447\u0451\u0442\u044b \u0437\u0430 \u0444\u0438\u043d\u0430\u043d\u0441\u043e\u0432\u044b\u0439 \u0433\u043e\u0434: 2010, 2011, 2012, 2014, 2015, 2016, 2017, 2018 \u041c\u044b \u2013 \u0445\u0440\u0438\u0441\u0442\u0438\u0430\u043d\u0435 \u0438 \u0432 \u0441\u0432\u043e\u0435\u0439 \u0434\u0435\u044f\u0442\u0435\u043b\u044c\u043d\u043e\u0441\u0442\u0438 \u043f\u0440\u0438\u0434\u0435\u0440\u0436\u0438\u0432\u0430\u0435\u043c\u0441\u044f \u0431\u0438\u0431\u043b\u0435\u0439\u0441\u043a\u0438\u0445 \u043e\u0441\u043d\u043e\u0432, \u0446\u0435\u043d\u0438\u043c \u043b\u0438\u0447\u043d\u043e\u0435 \u043e\u0442\u043d\u043e\u0448\u0435\u043d\u0438\u0435 \u0441 \u0411\u043e\u0433\u043e\u043c. \u042d\u0425\u041f\u0426 \u041f\u043e\u0441\u0451\u043b\u043a\u0430 \u043d\u0430\u0434\u0435\u0436\u0434\u044b \u043f\u0440\u0438\u043d\u0430\u0434\u043b\u0435\u0436\u0438\u0442 \u043a&nbsp;\u042d\u0441\u0442\u043e\u043d\u0441\u043a\u043e\u0439 \u0425\u0440\u0438\u0441\u0442\u0438\u0430\u043d\u0441\u043a\u043e\u0439 \u041f\u044f\u0442\u0438\u0434\u0435\u0441\u044f\u0442\u043d\u0438\u0447\u0435\u0441\u043a\u043e\u0439 \u0426\u0435\u0440\u043a\u0432\u0438. \u0412 \u0441\u0432\u043e\u0435\u0439 \u0434\u0435\u044f\u0442\u0435\u043b\u044c\u043d\u043e\u0441\u0442\u0438 [&hellip;]<\/p>\n","protected":false},"author":1,"featured_media":0,"parent":985,"menu_order":0,"comment_status":"closed","ping_status":"closed","template":"","meta":{"_acf_changed":false,"inline_featured_image":false,"footnotes":""},"class_list":["post-1531","page","type-page","status-publish","hentry"],"acf":[],"_links":{"self":[{"href":"https:\/\/www.lootusekula.ee\/ru\/wp-json\/wp\/v2\/pages\/1531","targetHints":{"allow":["GET"]}}],"collection":[{"href":"https:\/\/www.lootusekula.ee\/ru\/wp-json\/wp\/v2\/pages"}],"about":[{"href":"https:\/\/www.lootusekula.ee\/ru\/wp-json\/wp\/v2\/types\/page"}],"author":[{"embeddable":true,"href":"https:\/\/www.lootusekula.ee\/ru\/wp-json\/wp\/v2\/users\/1"}],"replies":[{"embeddable":true,"href":"https:\/\/www.lootusekula.ee\/ru\/wp-json\/wp\/v2\/comments?post=1531"}],"version-history":[{"count":5,"href":"https:\/\/www.lootusekula.ee\/ru\/wp-json\/wp\/v2\/pages\/1531\/revisions"}],"predecessor-version":[{"id":6000,"href":"https:\/\/www.lootusekula.ee\/ru\/wp-json\/wp\/v2\/pages\/1531\/revisions\/6000"}],"up":[{"embeddable":true,"href":"https:\/\/www.lootusekula.ee\/ru\/wp-json\/wp\/v2\/pages\/985"}],"wp:attachment":[{"href":"https:\/\/www.lootusekula.ee\/ru\/wp-json\/wp\/v2\/media?parent=1531"}],"curies":[{"name":"wp","href":"https:\/\/api.w.org\/{rel}","templated":true}]}}